{"id":77,"date":"2026-05-04T20:13:13","date_gmt":"2026-05-04T18:13:13","guid":{"rendered":"https:\/\/rtpu-gn.com\/services\/"},"modified":"2026-05-04T20:13:36","modified_gmt":"2026-05-04T18:13:36","slug":"services","status":"publish","type":"page","link":"https:\/\/rtpu-gn.com\/services\/","title":{"rendered":"Services"},"content":{"rendered":"\n<div class=\"wp-block-uagb-container uagb-block-002b066a alignfull uagb-is-root-container\"><div class=\"uagb-container-inner-blocks-wrap\">\n<div class=\"wp-block-uagb-advanced-heading uagb-block-ea598fb2\"><h1 class=\"uagb-heading-text\">Services de gestion des d\u00e9chets durables<\/h1><\/div>\n<\/div><\/div>\n\n\n\n<div class=\"wp-block-uagb-container uagb-block-c95ede17 alignfull uagb-is-root-container\"><div class=\"uagb-container-inner-blocks-wrap\">\n<div class=\"wp-block-uagb-container uagb-block-4b3ef6a3\">\n<div class=\"wp-block-uagb-advanced-heading uagb-block-188f70ef\"><h2 class=\"uagb-heading-text\">Nos services pour une gestion efficace des d\u00e9chets<\/h2><\/div>\n\n\n\n<div class=\"wp-block-uagb-advanced-heading uagb-block-a8f0052f\"><p class=\"uagb-heading-text\">D\u00e9couvrez nos services vari\u00e9s d\u00e9di\u00e9s \u00e0 la gestion efficace des d\u00e9chets recyclables et non recyclables pour un avenir durable.<\/p><\/div>\n<\/div>\n\n\n\n<div class=\"wp-block-uagb-container uagb-block-46887ad0\">\n<div class=\"wp-block-uagb-container uagb-block-9c42f0ce\">\n<div class=\"wp-block-uagb-advanced-heading uagb-block-ff445bdd\"><h3 class=\"uagb-heading-text\">Collecte d\u00e9chets<\/h3><p class=\"uagb-desc-text\">Nous proposons une collecte r\u00e9guli\u00e8re et sur demande pour les d\u00e9chets recyclables et non recyclables, adapt\u00e9e aux besoins de chaque client.<\/p><\/div>\n<\/div>\n\n\n\n<div class=\"wp-block-uagb-container uagb-block-58bc8707\">\n<div class=\"wp-block-uagb-advanced-heading uagb-block-e04e4fd5\"><h3 class=\"uagb-heading-text\">Recyclage complet<\/h3><p class=\"uagb-desc-text\">Nos installations offrent un traitement efficace des mat\u00e9riaux recyclables, assurant leur r\u00e9introduction dans le cycle \u00e9conomique de mani\u00e8re durable.<\/p><\/div>\n<\/div>\n\n\n\n<div class=\"wp-block-uagb-container uagb-block-b2d5130a\">\n<div class=\"wp-block-uagb-advanced-heading uagb-block-a27a4247\"><h3 class=\"uagb-heading-text\">Consultation environnementale<\/h3><p class=\"uagb-desc-text\">Nos experts offrent des consultations sur la gestion des d\u00e9chets, aidant les entreprises \u00e0 am\u00e9liorer leurs pratiques et \u00e0 respecter la r\u00e9glementation environnementale.<\/p><\/div>\n<\/div>\n\n\n\n<div class=\"wp-block-uagb-container uagb-block-18dc36d7\">\n<div class=\"wp-block-uagb-advanced-heading uagb-block-24d41c39\"><h3 class=\"uagb-heading-text\">Sensibilisation communautaire<\/h3><p class=\"uagb-desc-text\">Nous organisons des campagnes de sensibilisation pour \u00e9duquer le public sur l&rsquo;importance du recyclage et de la r\u00e9duction des d\u00e9chets dans notre communaut\u00e9.<\/p><\/div>\n<\/div>\n\n\n\n<div class=\"wp-block-uagb-container uagb-block-f1492ff4\">\n<div class=\"wp-block-uagb-advanced-heading uagb-block-6bcb7c3d\"><h3 class=\"uagb-heading-text\">Dons solidaires<\/h3><p class=\"uagb-desc-text\">Nous collectons des dons pour soutenir des initiatives environnementales, permettant \u00e0 chacun de participer activement \u00e0 la protection de notre plan\u00e8te.<\/p><\/div>\n<\/div>\n\n\n\n<div class=\"wp-block-uagb-container uagb-block-74d0b848\">\n<div class=\"wp-block-uagb-advanced-heading uagb-block-96429b08\"><h3 class=\"uagb-heading-text\">Formation sp\u00e9cialis\u00e9e<\/h3><p class=\"uagb-desc-text\">Des sessions de formation sont propos\u00e9es pour sensibiliser et former les \u00e9quipes \u00e0 la gestion des d\u00e9chets, promouvant des pratiques responsables et durables.<\/p><\/div>\n<\/div>\n<\/div>\n<\/div><\/div>\n\n\n\n<div class=\"wp-block-uagb-container uagb-block-35937d88 alignfull uagb-is-root-container\"><div class=\"uagb-container-inner-blocks-wrap\">\n<div class=\"wp-block-uagb-info-box uagb-block-710ed4f3 uagb-infobox__content-wrap  uagb-infobox-icon-above-title uagb-infobox-image-valign-top\"><div class=\"uagb-ifb-content\"><div class=\"uagb-ifb-title-wrap\"><h2 class=\"uagb-ifb-title\">Rejoignez notre mission de durabilit\u00e9<\/h2><\/div><p class=\"uagb-ifb-desc\">Agissons ensemble pour un avenir plus propre et plus vert. Contactez-nous d\u00e8s aujourd&rsquo;hui pour en savoir plus!<\/p><div class=\"uagb-ifb-button-wrapper wp-block-button\"><a href=\"\/contact\/\" class=\"uagb-infobox-cta-link wp-block-button__link\" target=\"_self\" rel=\"noopener noreferrer\" onclick=\"return true;\"><span class=\"uagb-inline-editing\">Contactez-nous<\/span><\/a><\/div><\/div><\/div>\n<\/div><\/div>\n","protected":false},"excerpt":{"rendered":"<p>Services de gestion des d\u00e9chets durables Nos services pour une gestion efficace des d\u00e9chets D\u00e9couvrez nos services vari\u00e9s d\u00e9di\u00e9s \u00e0 [&hellip;]<\/p>\n","protected":false},"author":1,"featured_media":0,"parent":0,"menu_order":0,"comment_status":"closed","ping_status":"closed","template":"","meta":{"_surecart_dashboard_logo_width":"180px","_surecart_dashboard_show_logo":true,"_surecart_dashboard_navigation_orders":true,"_surecart_dashboard_navigation_invoices":true,"_surecart_dashboard_navigation_subscriptions":true,"_surecart_dashboard_navigation_downloads":true,"_surecart_dashboard_navigation_billing":true,"_surecart_dashboard_navigation_account":true,"_uag_custom_page_level_css":"","site-sidebar-layout":"default","site-content-layout":"","ast-site-content-layout":"default","site-content-style":"default","site-sidebar-style":"default","ast-global-header-display":"","ast-banner-title-visibility":"","ast-main-header-display":"","ast-hfb-above-header-display":"","ast-hfb-below-header-display":"","ast-hfb-mobile-header-display":"","site-post-title":"disabled","ast-breadcrumbs-content":"","ast-featured-img":"","footer-sml-layout":"","ast-disable-related-posts":"","theme-transparent-header-meta":"enabled","adv-header-id-meta":"","stick-header-meta":"","header-above-stick-meta":"","header-main-stick-meta":"","header-below-stick-meta":"","astra-migrate-meta-layouts":"default","ast-page-background-enabled":"default","ast-page-background-meta":{"desktop":{"background-color":"var(--ast-global-color-4)","background-image":"","background-repeat":"repeat","background-position":"center center","background-size":"auto","background-attachment":"scroll","background-type":"","background-media":"","overlay-type":"","overlay-color":"","overlay-opacity":"","overlay-gradient":""},"tablet":{"background-color":"","background-image":"","background-repeat":"repeat","background-position":"center center","background-size":"auto","background-attachment":"scroll","background-type":"","background-media":"","overlay-type":"","overlay-color":"","overlay-opacity":"","overlay-gradient":""},"mobile":{"background-color":"","background-image":"","background-repeat":"repeat","background-position":"center center","background-size":"auto","background-attachment":"scroll","background-type":"","background-media":"","overlay-type":"","overlay-color":"","overlay-opacity":"","overlay-gradient":""}},"ast-content-background-meta":{"desktop":{"background-color":"var(--ast-global-color-5)","background-image":"","background-repeat":"repeat","background-position":"center center","background-size":"auto","background-attachment":"scroll","background-type":"","background-media":"","overlay-type":"","overlay-color":"","overlay-opacity":"","overlay-gradient":""},"tablet":{"background-color":"var(--ast-global-color-5)","background-image":"","background-repeat":"repeat","background-position":"center center","background-size":"auto","background-attachment":"scroll","background-type":"","background-media":"","overlay-type":"","overlay-color":"","overlay-opacity":"","overlay-gradient":""},"mobile":{"background-color":"var(--ast-global-color-5)","background-image":"","background-repeat":"repeat","background-position":"center center","background-size":"auto","background-attachment":"scroll","background-type":"","background-media":"","overlay-type":"","overlay-color":"","overlay-opacity":"","overlay-gradient":""}},"footnotes":""},"class_list":["post-77","page","type-page","status-publish","hentry"],"uagb_featured_image_src":{"full":false,"thumbnail":false,"medium":false,"medium_large":false,"large":false,"1536x1536":false,"2048x2048":false},"uagb_author_info":{"display_name":"KOUROUMA","author_link":"https:\/\/rtpu-gn.com\/author\/admin\/"},"uagb_comment_info":0,"uagb_excerpt":"Services de gestion des d\u00e9chets durables Nos services pour une gestion efficace des d\u00e9chets D\u00e9couvrez nos services vari\u00e9s d\u00e9di\u00e9s \u00e0 [&hellip;]","_links":{"self":[{"href":"https:\/\/rtpu-gn.com\/wp-json\/wp\/v2\/pages\/77","targetHints":{"allow":["GET"]}}],"collection":[{"href":"https:\/\/rtpu-gn.com\/wp-json\/wp\/v2\/pages"}],"about":[{"href":"https:\/\/rtpu-gn.com\/wp-json\/wp\/v2\/types\/page"}],"author":[{"embeddable":true,"href":"https:\/\/rtpu-gn.com\/wp-json\/wp\/v2\/users\/1"}],"replies":[{"embeddable":true,"href":"https:\/\/rtpu-gn.com\/wp-json\/wp\/v2\/comments?post=77"}],"version-history":[{"count":3,"href":"https:\/\/rtpu-gn.com\/wp-json\/wp\/v2\/pages\/77\/revisions"}],"predecessor-version":[{"id":298,"href":"https:\/\/rtpu-gn.com\/wp-json\/wp\/v2\/pages\/77\/revisions\/298"}],"wp:attachment":[{"href":"https:\/\/rtpu-gn.com\/wp-json\/wp\/v2\/media?parent=77"}],"curies":[{"name":"wp","href":"https:\/\/api.w.org\/{rel}","templated":true}]}}