{"id":76,"date":"2026-05-04T20:13:13","date_gmt":"2026-05-04T18:13:13","guid":{"rendered":"https:\/\/rtpu-gn.com\/about\/"},"modified":"2026-05-04T20:13:36","modified_gmt":"2026-05-04T18:13:36","slug":"about","status":"publish","type":"page","link":"https:\/\/rtpu-gn.com\/?page_id=76","title":{"rendered":"About"},"content":{"rendered":"\n<div class=\"wp-block-uagb-container uagb-block-002b066a alignfull uagb-is-root-container\"><div class=\"uagb-container-inner-blocks-wrap\">\n<div class=\"wp-block-uagb-advanced-heading uagb-block-ea598fb2\"><h1 class=\"uagb-heading-text\">Ensemble pour un avenir durable<\/h1><\/div>\n<\/div><\/div>\n\n\n\n<div class=\"wp-block-uagb-container uagb-layout-grid uagb-block-2fc93861 alignfull uagb-is-root-container\"><div class=\"uagb-container-inner-blocks-wrap\">\n<div class=\"wp-block-uagb-container uagb-block-39b7662b\">\n<div class=\"wp-block-uagb-advanced-heading uagb-block-9979b694\"><h2 class=\"uagb-heading-text\">D\u00e9couvrez notre engagement pour la gestion des d\u00e9chets<\/h2><p class=\"uagb-desc-text\">Nous avons aid\u00e9 de nombreux clients \u00e0 r\u00e9duire leur impact environnemental et \u00e0 am\u00e9liorer la gestion de leurs d\u00e9chets \u00e0 travers des solutions innovantes.<\/p><\/div>\n\n\n\n<div class=\"wp-block-uagb-container uagb-block-6bfbbd05\">\n<div class=\"wp-block-uagb-advanced-heading uagb-block-cf99ba13\"><h3 class=\"uagb-heading-text\">Notre Vision<\/h3><p class=\"uagb-desc-text\">Nous visons \u00e0 devenir le leader dans la gestion des d\u00e9chets en Guin\u00e9e, inspirant des pratiques durables mondiale.<\/p><\/div>\n\n\n\n<div class=\"wp-block-uagb-advanced-heading uagb-block-e46667cf\"><h3 class=\"uagb-heading-text\">Notre Mission<\/h3><p class=\"uagb-desc-text\">Notre mission est de transformer la gestion des d\u00e9chets pour un avenir plus propre et durable.<\/p><\/div>\n<\/div>\n<\/div>\n\n\n\n<div class=\"wp-block-uagb-image uagb-block-bbbd4e1c wp-block-uagb-image--layout-default wp-block-uagb-image--effect-static wp-block-uagb-image--align-none\"><figure class=\"wp-block-uagb-image__figure\"><img srcset=\"https:\/\/rtpu-gn.com\/wp-content\/uploads\/2026\/05\/pexels-photo-4445844.jpeg ,https:\/\/rtpu-gn.com\/wp-content\/uploads\/2026\/05\/pexels-photo-4445844.jpeg 780w, https:\/\/rtpu-gn.com\/wp-content\/uploads\/2026\/05\/pexels-photo-4445844.jpeg 360w\" sizes=\"auto, (max-width: 480px) 150px\"  alt=\"An aerial shot showing piles of waste in a dumpsite surrounded by greenery in Banten, Indonesia.\" class=\"uag-image-16 lws-optimize-lazyload\" width=\"600\" height=\"450\" title=\"embark\" loading=\"lazy\" role=\"img\"\/ data-src=\"https:\/\/rtpu-gn.com\/wp-content\/uploads\/2026\/05\/pexels-photo-4445844.jpeg\"><\/figure><\/div>\n<\/div><\/div>\n\n\n\n<div class=\"wp-block-uagb-container uagb-block-974c2749 alignfull uagb-is-root-container\"><div class=\"uagb-container-inner-blocks-wrap\">\n<div class=\"wp-block-uagb-advanced-heading uagb-block-82cfac32\"><h2 class=\"uagb-heading-text\">Valeurs Fondamentales<\/h2><p class=\"uagb-desc-text\">Nos valeurs guident chaque action et d\u00e9cision que nous prenons.<\/p><\/div>\n\n\n\n<div class=\"wp-block-uagb-container uagb-layout-grid uagb-block-a38eaf29\">\n<div class=\"wp-block-uagb-container uagb-block-46cec337\">\n<div class=\"wp-block-uagb-info-box uagb-block-7616c8e4 uagb-infobox__content-wrap  uagb-infobox-icon-above-title uagb-infobox-image-valign-top\"><div class=\"uagb-ifb-content\"><div class=\"uagb-ifb-title-wrap\"><p class=\"uagb-ifb-title-prefix\">01<\/p><h3 class=\"uagb-ifb-title\">Durabilit\u00e9<\/h3><\/div><p class=\"uagb-ifb-desc\">Promouvoir des solutions respectueuses de l&rsquo;environnement.<\/p><div class=\"uagb-ifb-separator\"><\/div><\/div><\/div>\n\n\n\n<div class=\"wp-block-uagb-info-box uagb-block-4cd0df93 uagb-infobox__content-wrap  uagb-infobox-icon-above-title uagb-infobox-image-valign-top\"><div class=\"uagb-ifb-content\"><div class=\"uagb-ifb-title-wrap\"><p class=\"uagb-ifb-title-prefix\">02<\/p><h3 class=\"uagb-ifb-title\">Innovation<\/h3><\/div><p class=\"uagb-ifb-desc\">D\u00e9velopper des m\u00e9thodes cr\u00e9atives pour la gestion des d\u00e9chets.<\/p><\/div><\/div>\n<\/div>\n\n\n\n<div class=\"wp-block-uagb-image uagb-block-f8c93e82 wp-block-uagb-image--layout-default wp-block-uagb-image--effect-static wp-block-uagb-image--align-none\"><figure class=\"wp-block-uagb-image__figure\"><img srcset=\"https:\/\/rtpu-gn.com\/wp-content\/uploads\/2026\/05\/pexels-photo-36751332.jpeg ,https:\/\/rtpu-gn.com\/wp-content\/uploads\/2026\/05\/pexels-photo-36751332.jpeg 780w, https:\/\/rtpu-gn.com\/wp-content\/uploads\/2026\/05\/pexels-photo-36751332.jpeg 360w\" sizes=\"auto, (max-width: 480px) 150px\"  alt=\"Workers sorting waste in a recycling facility in Butwal, Nepal, showcasing environmental sustainability efforts.\" class=\"uag-image-17 lws-optimize-lazyload\" width=\"385\" height=\"450\" title=\"our-values\" loading=\"lazy\" role=\"img\"\/ data-src=\"https:\/\/rtpu-gn.com\/wp-content\/uploads\/2026\/05\/pexels-photo-36751332.jpeg\"><\/figure><\/div>\n\n\n\n<div class=\"wp-block-uagb-container uagb-block-69978b0b\">\n<div class=\"wp-block-uagb-info-box uagb-block-110f5eaa uagb-infobox__content-wrap  uagb-infobox-icon-above-title uagb-infobox-image-valign-top\"><div class=\"uagb-ifb-content\"><div class=\"uagb-ifb-title-wrap\"><p class=\"uagb-ifb-title-prefix\">03<\/p><h3 class=\"uagb-ifb-title\">Engagement<\/h3><\/div><p class=\"uagb-ifb-desc\">S&rsquo;investir pleinement dans notre mission et nos clients.<\/p><div class=\"uagb-ifb-separator\"><\/div><\/div><\/div>\n\n\n\n<div class=\"wp-block-uagb-info-box uagb-block-7178a2dd uagb-infobox__content-wrap  uagb-infobox-icon-above-title uagb-infobox-image-valign-top\"><div class=\"uagb-ifb-content\"><div class=\"uagb-ifb-title-wrap\"><p class=\"uagb-ifb-title-prefix\">04<\/p><h3 class=\"uagb-ifb-title\">Communaut\u00e9<\/h3><\/div><p class=\"uagb-ifb-desc\">Travailler ensemble pour un impact positif durable.<\/p><\/div><\/div>\n<\/div>\n<\/div>\n<\/div><\/div>\n\n\n\n<div class=\"wp-block-uagb-container uagb-block-35937d88 alignfull uagb-is-root-container\"><div class=\"uagb-container-inner-blocks-wrap\">\n<div class=\"wp-block-uagb-info-box uagb-block-710ed4f3 uagb-infobox__content-wrap  uagb-infobox-icon-above-title uagb-infobox-image-valign-top\"><div class=\"uagb-ifb-content\"><div class=\"uagb-ifb-title-wrap\"><h2 class=\"uagb-ifb-title\">Rejoignez notre mission de durabilit\u00e9<\/h2><\/div><p class=\"uagb-ifb-desc\">Agissons ensemble pour un avenir plus propre et plus vert. Contactez-nous d\u00e8s aujourd&rsquo;hui pour en savoir plus!<\/p><div class=\"uagb-ifb-button-wrapper wp-block-button\"><a href=\"\/contact\/\" class=\"uagb-infobox-cta-link wp-block-button__link\" target=\"_self\" rel=\"noopener noreferrer\" onclick=\"return true;\"><span class=\"uagb-inline-editing\">Contactez-nous<\/span><\/a><\/div><\/div><\/div>\n<\/div><\/div>\n","protected":false},"excerpt":{"rendered":"<p>Ensemble pour un avenir durable D\u00e9couvrez notre engagement pour la gestion des d\u00e9chets Nous avons aid\u00e9 de nombreux clients \u00e0 [&hellip;]<\/p>\n","protected":false},"author":1,"featured_media":0,"parent":0,"menu_order":0,"comment_status":"closed","ping_status":"closed","template":"","meta":{"_surecart_dashboard_logo_width":"180px","_surecart_dashboard_show_logo":true,"_surecart_dashboard_navigation_orders":true,"_surecart_dashboard_navigation_invoices":true,"_surecart_dashboard_navigation_subscriptions":true,"_surecart_dashboard_navigation_downloads":true,"_surecart_dashboard_navigation_billing":true,"_surecart_dashboard_navigation_account":true,"_uag_custom_page_level_css":"","site-sidebar-layout":"default","site-content-layout":"","ast-site-content-layout":"default","site-content-style":"default","site-sidebar-style":"default","ast-global-header-display":"","ast-banner-title-visibility":"","ast-main-header-display":"","ast-hfb-above-header-display":"","ast-hfb-below-header-display":"","ast-hfb-mobile-header-display":"","site-post-title":"disabled","ast-breadcrumbs-content":"","ast-featured-img":"","footer-sml-layout":"","ast-disable-related-posts":"","theme-transparent-header-meta":"enabled","adv-header-id-meta":"","stick-header-meta":"","header-above-stick-meta":"","header-main-stick-meta":"","header-below-stick-meta":"","astra-migrate-meta-layouts":"default","ast-page-background-enabled":"default","ast-page-background-meta":{"desktop":{"background-color":"var(--ast-global-color-4)","background-image":"","background-repeat":"repeat","background-position":"center center","background-size":"auto","background-attachment":"scroll","background-type":"","background-media":"","overlay-type":"","overlay-color":"","overlay-opacity":"","overlay-gradient":""},"tablet":{"background-color":"","background-image":"","background-repeat":"repeat","background-position":"center center","background-size":"auto","background-attachment":"scroll","background-type":"","background-media":"","overlay-type":"","overlay-color":"","overlay-opacity":"","overlay-gradient":""},"mobile":{"background-color":"","background-image":"","background-repeat":"repeat","background-position":"center center","background-size":"auto","background-attachment":"scroll","background-type":"","background-media":"","overlay-type":"","overlay-color":"","overlay-opacity":"","overlay-gradient":""}},"ast-content-background-meta":{"desktop":{"background-color":"var(--ast-global-color-5)","background-image":"","background-repeat":"repeat","background-position":"center center","background-size":"auto","background-attachment":"scroll","background-type":"","background-media":"","overlay-type":"","overlay-color":"","overlay-opacity":"","overlay-gradient":""},"tablet":{"background-color":"var(--ast-global-color-5)","background-image":"","background-repeat":"repeat","background-position":"center center","background-size":"auto","background-attachment":"scroll","background-type":"","background-media":"","overlay-type":"","overlay-color":"","overlay-opacity":"","overlay-gradient":""},"mobile":{"background-color":"var(--ast-global-color-5)","background-image":"","background-repeat":"repeat","background-position":"center center","background-size":"auto","background-attachment":"scroll","background-type":"","background-media":"","overlay-type":"","overlay-color":"","overlay-opacity":"","overlay-gradient":""}},"footnotes":""},"class_list":["post-76","page","type-page","status-publish","hentry"],"uagb_featured_image_src":{"full":false,"thumbnail":false,"medium":false,"medium_large":false,"large":false,"1536x1536":false,"2048x2048":false},"uagb_author_info":{"display_name":"admin","author_link":"https:\/\/rtpu-gn.com\/?author=1"},"uagb_comment_info":0,"uagb_excerpt":"Ensemble pour un avenir durable D\u00e9couvrez notre engagement pour la gestion des d\u00e9chets Nous avons aid\u00e9 de nombreux clients \u00e0 [&hellip;]","_links":{"self":[{"href":"https:\/\/rtpu-gn.com\/index.php?rest_route=\/wp\/v2\/pages\/76","targetHints":{"allow":["GET"]}}],"collection":[{"href":"https:\/\/rtpu-gn.com\/index.php?rest_route=\/wp\/v2\/pages"}],"about":[{"href":"https:\/\/rtpu-gn.com\/index.php?rest_route=\/wp\/v2\/types\/page"}],"author":[{"embeddable":true,"href":"https:\/\/rtpu-gn.com\/index.php?rest_route=\/wp\/v2\/users\/1"}],"replies":[{"embeddable":true,"href":"https:\/\/rtpu-gn.com\/index.php?rest_route=%2Fwp%2Fv2%2Fcomments&post=76"}],"version-history":[{"count":3,"href":"https:\/\/rtpu-gn.com\/index.php?rest_route=\/wp\/v2\/pages\/76\/revisions"}],"predecessor-version":[{"id":299,"href":"https:\/\/rtpu-gn.com\/index.php?rest_route=\/wp\/v2\/pages\/76\/revisions\/299"}],"wp:attachment":[{"href":"https:\/\/rtpu-gn.com\/index.php?rest_route=%2Fwp%2Fv2%2Fmedia&parent=76"}],"curies":[{"name":"wp","href":"https:\/\/api.w.org\/{rel}","templated":true}]}}