{"id":75,"date":"2026-05-04T20:13:13","date_gmt":"2026-05-04T18:13:13","guid":{"rendered":"https:\/\/rtpu-gn.com\/home\/"},"modified":"2026-05-04T20:13:35","modified_gmt":"2026-05-04T18:13:35","slug":"home","status":"publish","type":"page","link":"https:\/\/rtpu-gn.com\/","title":{"rendered":"Home"},"content":{"rendered":"\n<div class=\"wp-block-uagb-container uagb-block-002b066a alignfull uagb-is-root-container\"><div class=\"uagb-container-inner-blocks-wrap\">\n<div class=\"wp-block-uagb-info-box uagb-block-020aa9fb uagb-infobox__content-wrap  uagb-infobox-icon-above-title uagb-infobox-image-valign-top\"><div class=\"uagb-ifb-content\"><div class=\"uagb-ifb-title-wrap\"><h1 class=\"uagb-ifb-title\">Gestion responsable des d\u00e9chets<\/h1><\/div><p class=\"uagb-ifb-desc\">D\u00e9couvrez nos solutions innovantes pour une gestion durable des d\u00e9chets recyclables et non recyclables dans toute la Guin\u00e9e.<\/p><div class=\"uagb-ifb-button-wrapper wp-block-button\"><a href=\"contact\/\" class=\"uagb-infobox-cta-link wp-block-button__link\" target=\"_self\" rel=\"noopener noreferrer\" onclick=\"return true;\"><span class=\"uagb-inline-editing\">Contactez-nous<\/span><\/a><\/div><\/div><\/div>\n<\/div><\/div>\n\n\n\n<div class=\"wp-block-uagb-container uagb-block-349952cb alignfull uagb-is-root-container\"><div class=\"uagb-container-inner-blocks-wrap\">\n<div class=\"wp-block-uagb-advanced-heading uagb-block-98fae1a9\"><p class=\"uagb-desc-text\">\u00c0 propos<\/p><h2 class=\"uagb-heading-text\">Notre engagement pour un avenir durable<\/h2><\/div>\n\n\n\n<div class=\"wp-block-uagb-container uagb-layout-grid uagb-block-34d14daa\">\n<div class=\"wp-block-uagb-image uagb-block-609ba47a wp-block-uagb-image--layout-default wp-block-uagb-image--effect-static wp-block-uagb-image--align-none\"><figure class=\"wp-block-uagb-image__figure\"><img srcset=\"https:\/\/rtpu-gn.com\/wp-content\/uploads\/2026\/05\/pexels-photo-5099276.jpeg ,https:\/\/rtpu-gn.com\/wp-content\/uploads\/2026\/05\/pexels-photo-5099276.jpeg 780w, https:\/\/rtpu-gn.com\/wp-content\/uploads\/2026\/05\/pexels-photo-5099276.jpeg 360w\" sizes=\"auto, (max-width: 480px) 150px\"  alt=\"Aerial shot of organized recyclable material stacks in Serang, Indonesia, highlighting waste management efforts.\" class=\"uag-image-15 lws-optimize-lazyload\" width=\"570\" height=\"350\" title=\"who-we-are\" loading=\"lazy\" role=\"img\"\/ data-src=\"https:\/\/rtpu-gn.com\/wp-content\/uploads\/2026\/05\/pexels-photo-5099276.jpeg\"><\/figure><\/div>\n\n\n\n<div class=\"wp-block-uagb-info-box uagb-block-c7594f7e uagb-infobox__content-wrap  uagb-infobox-icon-above-title uagb-infobox-image-valign-top\"><div class=\"uagb-ifb-content\"><div class=\"uagb-ifb-title-wrap\"><h3 class=\"uagb-ifb-title\">La mission de RTPU Guin\u00e9e<\/h3><\/div><p class=\"uagb-ifb-desc\">RTPU Guin\u00e9e a aid\u00e9 de nombreuses entreprises \u00e0 optimiser leur gestion des d\u00e9chets, r\u00e9duisant ainsi leur empreinte environnementale tout en am\u00e9liorant leur rendement \u00e9conomique.<\/p><div class=\"uagb-ifb-button-wrapper wp-block-button\"><a href=\"about\/\" class=\"uagb-infobox-cta-link wp-block-button__link\" target=\"_self\" rel=\"noopener noreferrer\" onclick=\"return true;\"><span class=\"uagb-inline-editing\">En savoir plus<\/span><\/a><\/div><\/div><\/div>\n<\/div>\n<\/div><\/div>\n\n\n\n<div class=\"wp-block-uagb-container uagb-block-22d76302 alignfull uagb-is-root-container\"><div class=\"uagb-container-inner-blocks-wrap\">\n<div class=\"wp-block-uagb-advanced-heading uagb-block-c1d8e908\"><p class=\"uagb-desc-text\">Chiffres cl\u00e9s<\/p><h2 class=\"uagb-heading-text\">Performance et r\u00e9sultats<\/h2><\/div>\n\n\n\n<div class=\"wp-block-uagb-container uagb-layout-flex uagb-block-7614dca2\">\n<div class=\"wp-block-uagb-container uagb-block-5f2c715b\">\n<div class=\"wp-block-uagb-advanced-heading uagb-block-5ee05e4b\"><p class=\"uagb-desc-text\">Taux de satisfaction client<\/p><h2 class=\"uagb-heading-text\">98%<\/h2><\/div>\n<\/div>\n\n\n\n<div class=\"wp-block-uagb-container uagb-block-4bbfc7e7\">\n<div class=\"wp-block-uagb-advanced-heading uagb-block-59bb69e9\"><p class=\"uagb-desc-text\">Ann\u00e9es d&rsquo;exp\u00e9rience<\/p><h2 class=\"uagb-heading-text\">12<\/h2><\/div>\n<\/div>\n\n\n\n<div class=\"wp-block-uagb-container uagb-block-6b1f9eb5\">\n<div class=\"wp-block-uagb-advanced-heading uagb-block-6571359a\"><p class=\"uagb-desc-text\">Projets achev\u00e9s<\/p><h2 class=\"uagb-heading-text\">120<\/h2><\/div>\n<\/div>\n\n\n\n<div class=\"wp-block-uagb-container uagb-block-af17e84a\">\n<div class=\"wp-block-uagb-advanced-heading uagb-block-9c7cb4bf\"><p class=\"uagb-desc-text\">Employ\u00e9s heureux<\/p><h2 class=\"uagb-heading-text\">80<\/h2><\/div>\n<\/div>\n<\/div>\n<\/div><\/div>\n\n\n\n<div class=\"wp-block-uagb-container uagb-block-c0fb7094 alignfull uagb-is-root-container\"><div class=\"uagb-container-inner-blocks-wrap\"><\/div><\/div>\n\n\n\n<div class=\"wp-block-uagb-container uagb-block-af7d66f0 alignfull uagb-is-root-container\"><div class=\"uagb-container-inner-blocks-wrap\">\n<div class=\"wp-block-uagb-container uagb-layout-grid uagb-block-bf4da21b\">\n<div class=\"wp-block-uagb-advanced-heading uagb-block-914e7639\"><p class=\"uagb-desc-text\">Services<\/p><h2 class=\"uagb-heading-text\">Nos services pour une gestion efficace des d\u00e9chets<\/h2><\/div>\n\n\n\n<div class=\"wp-block-uagb-buttons uagb-buttons__outer-wrap uagb-btn__default-btn uagb-btn-tablet__default-btn uagb-btn-mobile__default-btn uagb-block-8638d52d\"><div class=\"uagb-buttons__wrap uagb-buttons-layout-wrap \">\n<div class=\"wp-block-uagb-buttons-child uagb-buttons__outer-wrap uagb-block-dee7f221 wp-block-button\"><div class=\"uagb-button__wrapper\"><a class=\"uagb-buttons-repeater wp-block-button__link\" aria-label=\"\" href=\"services\/\" rel=\"follow noopener\" target=\"_self\" role=\"button\"><div class=\"uagb-button__link\">Contactez-nous<\/div><\/a><\/div><\/div>\n<\/div><\/div>\n<\/div>\n\n\n\n<div class=\"wp-block-uagb-container uagb-block-450293a1\">\n<div class=\"wp-block-uagb-container uagb-block-112179aa\">\n<div class=\"wp-block-uagb-info-box uagb-block-7b5c8a96 uagb-infobox__content-wrap  uagb-infobox-icon-above-title uagb-infobox-image-valign-top\"><div class=\"uagb-ifb-content\"><div class=\"uagb-ifb-title-wrap\"><h3 class=\"uagb-ifb-title-prefix\">01<\/h3><h4 class=\"uagb-ifb-title\">Collecte d\u00e9chets<\/h4><\/div><div class=\"uagb-ifb-separator\"><\/div><p class=\"uagb-ifb-desc\">Service de collecte pour tous types de d\u00e9chets.<\/p><\/div><\/div>\n\n\n\n<div class=\"wp-block-uagb-image uagb-block-63095145 wp-block-uagb-image--layout-default wp-block-uagb-image--effect-static wp-block-uagb-image--align-none\"><figure class=\"wp-block-uagb-image__figure\"><img srcset=\"https:\/\/rtpu-gn.com\/wp-content\/uploads\/2026\/05\/pexels-photo-36751332.jpeg ,https:\/\/rtpu-gn.com\/wp-content\/uploads\/2026\/05\/pexels-photo-36751332.jpeg 780w, https:\/\/rtpu-gn.com\/wp-content\/uploads\/2026\/05\/pexels-photo-36751332.jpeg 360w\" sizes=\"auto, (max-width: 480px) 150px\"  alt=\"Workers sorting waste in a recycling facility in Butwal, Nepal, showcasing environmental sustainability efforts.\" class=\"uag-image-17 lws-optimize-lazyload\" width=\"320\" height=\"200\" title=\"services-05\" loading=\"lazy\" role=\"img\"\/ data-src=\"https:\/\/rtpu-gn.com\/wp-content\/uploads\/2026\/05\/pexels-photo-36751332.jpeg\"><\/figure><\/div>\n<\/div>\n\n\n\n<div class=\"wp-block-uagb-container uagb-block-803833a6\">\n<div class=\"wp-block-uagb-info-box uagb-block-0f80da1c uagb-infobox__content-wrap  uagb-infobox-icon-above-title uagb-infobox-image-valign-top\"><div class=\"uagb-ifb-content\"><div class=\"uagb-ifb-title-wrap\"><h3 class=\"uagb-ifb-title-prefix\">02<\/h3><h4 class=\"uagb-ifb-title\">Recyclage complet<\/h4><\/div><div class=\"uagb-ifb-separator\"><\/div><p class=\"uagb-ifb-desc\">Solutions de recyclage pour divers mat\u00e9riaux.<\/p><\/div><\/div>\n\n\n\n<div class=\"wp-block-uagb-image uagb-block-fce8d1b5 wp-block-uagb-image--layout-default wp-block-uagb-image--effect-static wp-block-uagb-image--align-none\"><figure class=\"wp-block-uagb-image__figure\"><img srcset=\"https:\/\/rtpu-gn.com\/wp-content\/uploads\/2026\/05\/pexels-photo-34406294.jpeg ,https:\/\/rtpu-gn.com\/wp-content\/uploads\/2026\/05\/pexels-photo-34406294.jpeg 780w, https:\/\/rtpu-gn.com\/wp-content\/uploads\/2026\/05\/pexels-photo-34406294.jpeg 360w\" sizes=\"auto, (max-width: 480px) 150px\"  alt=\"Four recycling bins for paper, plastic, metal, and glass indoors.\" class=\"uag-image-18 lws-optimize-lazyload\" width=\"320\" height=\"200\" title=\"services-04\" loading=\"lazy\" role=\"img\"\/ data-src=\"https:\/\/rtpu-gn.com\/wp-content\/uploads\/2026\/05\/pexels-photo-34406294.jpeg\"><\/figure><\/div>\n<\/div>\n\n\n\n<div class=\"wp-block-uagb-container uagb-block-38004ded\">\n<div class=\"wp-block-uagb-info-box uagb-block-f5aae900 uagb-infobox__content-wrap  uagb-infobox-icon-above-title uagb-infobox-image-valign-top\"><div class=\"uagb-ifb-content\"><div class=\"uagb-ifb-title-wrap\"><h3 class=\"uagb-ifb-title-prefix\">03<\/h3><h4 class=\"uagb-ifb-title\">Consultation environnementale<\/h4><\/div><div class=\"uagb-ifb-separator\"><\/div><p class=\"uagb-ifb-desc\">Conseils sur la gestion des d\u00e9chets.<\/p><\/div><\/div>\n\n\n\n<div class=\"wp-block-uagb-image uagb-block-2c1a6652 wp-block-uagb-image--layout-default wp-block-uagb-image--effect-static wp-block-uagb-image--align-none\"><figure class=\"wp-block-uagb-image__figure\"><img srcset=\"https:\/\/rtpu-gn.com\/wp-content\/uploads\/2026\/05\/pexels-photo-10058483.jpeg ,https:\/\/rtpu-gn.com\/wp-content\/uploads\/2026\/05\/pexels-photo-10058483.jpeg 780w, https:\/\/rtpu-gn.com\/wp-content\/uploads\/2026\/05\/pexels-photo-10058483.jpeg 360w\" sizes=\"auto, (max-width: 480px) 150px\"  alt=\"A red clinical waste bin labeled with biohazard symbol on a city street indicating proper waste management.\" class=\"uag-image-19 lws-optimize-lazyload\" width=\"320\" height=\"200\" title=\"services-01\" loading=\"lazy\" role=\"img\"\/ data-src=\"https:\/\/rtpu-gn.com\/wp-content\/uploads\/2026\/05\/pexels-photo-10058483.jpeg\"><\/figure><\/div>\n<\/div>\n<\/div>\n<\/div><\/div>\n\n\n\n<div class=\"wp-block-uagb-container uagb-block-e3b6ed32 alignfull uagb-is-root-container\"><div class=\"uagb-container-inner-blocks-wrap\">\n<div class=\"wp-block-uagb-container uagb-layout-grid uagb-block-3de62160\">\n<div class=\"wp-block-uagb-advanced-heading uagb-block-743f5c97\"><h2 class=\"uagb-heading-text\">Ce qui nous distingue<\/h2><\/div>\n\n\n\n<div class=\"wp-block-uagb-advanced-heading uagb-block-39248ce2\"><p class=\"uagb-heading-text\">Des solutions sur mesure pour r\u00e9pondre \u00e0 tous vos besoins en gestion de d\u00e9chets et promouvoir la durabilit\u00e9.<\/p><\/div>\n<\/div>\n\n\n\n<div class=\"wp-block-uagb-container uagb-layout-grid uagb-block-41fed7da\">\n<div class=\"wp-block-uagb-container uagb-layout-flex uagb-block-f760b6b7\">\n<div class=\"wp-block-uagb-info-box uagb-block-0800ade1 uagb-infobox__content-wrap  uagb-infobox-icon-above-title uagb-infobox-image-valign-top\"><div class=\"uagb-ifb-content\"><div class=\"uagb-ifb-icon-wrap\"><svg xmlns=\"https:\/\/www.w3.org\/2000\/svg\" viewBox=\"0 0 512 512\"><path d=\"M0 256C0 114.6 114.6 0 256 0C397.4 0 512 114.6 512 256C512 397.4 397.4 512 256 512C114.6 512 0 397.4 0 256zM371.8 211.8C382.7 200.9 382.7 183.1 371.8 172.2C360.9 161.3 343.1 161.3 332.2 172.2L224 280.4L179.8 236.2C168.9 225.3 151.1 225.3 140.2 236.2C129.3 247.1 129.3 264.9 140.2 275.8L204.2 339.8C215.1 350.7 232.9 350.7 243.8 339.8L371.8 211.8z\"><\/path><\/svg><\/div><div class=\"uagb-ifb-title-wrap\"><p class=\"uagb-ifb-title\">Expertise<\/p><\/div><p class=\"uagb-ifb-desc\">Une \u00e9quipe qualifi\u00e9e et exp\u00e9riment\u00e9e.<\/p><\/div><\/div>\n\n\n\n<div class=\"wp-block-uagb-info-box uagb-block-2b976927 uagb-infobox__content-wrap  uagb-infobox-icon-above-title uagb-infobox-image-valign-top\"><div class=\"uagb-ifb-content\"><div class=\"uagb-ifb-icon-wrap\"><svg xmlns=\"https:\/\/www.w3.org\/2000\/svg\" viewBox=\"0 0 512 512\"><path d=\"M0 256C0 114.6 114.6 0 256 0C397.4 0 512 114.6 512 256C512 397.4 397.4 512 256 512C114.6 512 0 397.4 0 256zM371.8 211.8C382.7 200.9 382.7 183.1 371.8 172.2C360.9 161.3 343.1 161.3 332.2 172.2L224 280.4L179.8 236.2C168.9 225.3 151.1 225.3 140.2 236.2C129.3 247.1 129.3 264.9 140.2 275.8L204.2 339.8C215.1 350.7 232.9 350.7 243.8 339.8L371.8 211.8z\"><\/path><\/svg><\/div><div class=\"uagb-ifb-title-wrap\"><p class=\"uagb-ifb-title\">Innovation<\/p><\/div><p class=\"uagb-ifb-desc\">Technologies avanc\u00e9es pour un impact positif.<\/p><\/div><\/div>\n<\/div>\n\n\n\n<div class=\"wp-block-uagb-image uagb-block-4e991b1b wp-block-uagb-image--layout-default wp-block-uagb-image--effect-static wp-block-uagb-image--align-none\"><figure class=\"wp-block-uagb-image__figure\"><img srcset=\"https:\/\/rtpu-gn.com\/wp-content\/uploads\/2026\/05\/pexels-photo-14430162.jpg ,https:\/\/rtpu-gn.com\/wp-content\/uploads\/2026\/05\/pexels-photo-14430162.jpg 780w, https:\/\/rtpu-gn.com\/wp-content\/uploads\/2026\/05\/pexels-photo-14430162.jpg 360w\" sizes=\"auto, (max-width: 480px) 150px\"  alt=\"Female worker sorting trash at a recycling facility, promoting waste management.\" class=\"uag-image-20 lws-optimize-lazyload\" width=\"570\" height=\"470\" title=\"services-03\" loading=\"lazy\" role=\"img\"\/ data-src=\"https:\/\/rtpu-gn.com\/wp-content\/uploads\/2026\/05\/pexels-photo-14430162.jpg\"><\/figure><\/div>\n<\/div>\n<\/div><\/div>\n\n\n\n<div class=\"wp-block-uagb-container uagb-block-34fb66a9 alignfull uagb-is-root-container\"><div class=\"uagb-container-inner-blocks-wrap\">      \n\t\t\t<div class=\"uagb-icon-wrapper uagb-block-384df3a9      \"\n\t\t\tstyle=\"\" >\n\t\t\t\t\t\t\t\t\t<span class=\"uagb-svg-wrapper\" \n\t\t\t\t\t aria-label=\"quote-left\"\t\t\t\t\ttabindex=\"0\">\t\t\n\t\t\t\t\t\t\t\t\t\t<svg xmlns=\"https:\/\/www.w3.org\/2000\/svg\" viewBox= \"0 0 448 512\" role=\"graphics-symbol\" aria-hidden=\"false\" aria-label=\"\"><path d=\"M96 224C84.72 224 74.05 226.3 64 229.9V224c0-35.3 28.7-64 64-64c17.67 0 32-14.33 32-32S145.7 96 128 96C57.42 96 0 153.4 0 224v96c0 53.02 42.98 96 96 96s96-42.98 96-96S149 224 96 224zM352 224c-11.28 0-21.95 2.305-32 5.879V224c0-35.3 28.7-64 64-64c17.67 0 32-14.33 32-32s-14.33-32-32-32c-70.58 0-128 57.42-128 128v96c0 53.02 42.98 96 96 96s96-42.98 96-96S405 224 352 224z\"><\/path><\/svg>\n\t\t\t\t\t\t\t\t\t<\/span>\n\t\t\t\t\t\t\t<\/div>\n\t\t\t\n\n\n<div class=\"wp-block-uagb-testimonial uagb-slick-carousel uagb-tm__arrow-outside uagb-block-4df8e2a7\"><div class=\"is-carousel uagb-tm__columns-1 uagb-tm__items\"><div class=\"uagb-testimonial__wrap  uagb-tm__imgicon-style-circle uagb-tm__image-position-bottom uagb-tm__bg-type-none \"><div class=\"uagb-tm__content\"><div class=\"uagb-tm__overlay\"><\/div><div class=\"uagb-tm__text-wrap\"><div class=\"uagb-tm__desc\">RTPU Guin\u00e9e a transform\u00e9 notre approche de gestion des d\u00e9chets, rendant nos op\u00e9rations plus propres et efficaces.<\/div><div class=\"uagb-tm__meta-inner\"><div class=\"uagb-tm__image-content\"><div class=\"uagb-tm__image\"><img class=\"uagb-tm-img-src lws-optimize-lazyload\" alt=\"Testimonial Skip 01\" width=\"60\" height=\"60\" loading=\"lazy\" data-src=\"https:\/\/rtpu-gn.com\/wp-content\/uploads\/2024\/06\/testimonial-skip-01.jpg\" title=\"Home\"><\/div><\/div><div class=\"uagb-testimonial-details\"><span class=\"uagb-tm__author-name\">Jean Dupont<\/span><span class=\"uagb-tm__company\">Nom de l&rsquo;entreprise<\/span><\/div><\/div><\/div><\/div><\/div><div class=\"uagb-testimonial__wrap  uagb-tm__imgicon-style-circle uagb-tm__image-position-bottom uagb-tm__bg-type-none \"><div class=\"uagb-tm__content\"><div class=\"uagb-tm__overlay\"><\/div><div class=\"uagb-tm__text-wrap\"><div class=\"uagb-tm__desc\">Les services de RTPU sont exceptionnels, leur \u00e9quipe est toujours \u00e0 l&rsquo;\u00e9coute et r\u00e9active \u00e0 nos besoins.<\/div><div class=\"uagb-tm__meta-inner\"><div class=\"uagb-tm__image-content\"><div class=\"uagb-tm__image\"><img class=\"uagb-tm-img-src lws-optimize-lazyload\" alt=\"Testimonial Skip 02\" width=\"60\" height=\"60\" loading=\"lazy\" data-src=\"https:\/\/rtpu-gn.com\/wp-content\/uploads\/2024\/06\/testimonial-skip-02.jpg\" title=\"Home\"><\/div><\/div><div class=\"uagb-testimonial-details\"><span class=\"uagb-tm__author-name\">Marie Martin<\/span><span class=\"uagb-tm__company\">Nom de l&rsquo;entreprise<\/span><\/div><\/div><\/div><\/div><\/div><div class=\"uagb-testimonial__wrap  uagb-tm__imgicon-style-circle uagb-tm__image-position-bottom uagb-tm__bg-type-none \"><div class=\"uagb-tm__content\"><div class=\"uagb-tm__overlay\"><\/div><div class=\"uagb-tm__text-wrap\"><div class=\"uagb-tm__desc\">Je recommande fortement RTPU Guin\u00e9e pour leur professionnalisme et leur engagement envers la durabilit\u00e9.<\/div><div class=\"uagb-tm__meta-inner\"><div class=\"uagb-tm__image-content\"><div class=\"uagb-tm__image\"><img class=\"uagb-tm-img-src lws-optimize-lazyload\" alt=\"Testimonial Skip 03\" width=\"60\" height=\"60\" loading=\"lazy\" data-src=\"https:\/\/rtpu-gn.com\/wp-content\/uploads\/2024\/06\/testimonial-skip-03.jpg\" title=\"Home\"><\/div><\/div><div class=\"uagb-testimonial-details\"><span class=\"uagb-tm__author-name\">Claire Lef\u00e8vre<\/span><span class=\"uagb-tm__company\">Nom de l&rsquo;entreprise<\/span><\/div><\/div><\/div><\/div><\/div><\/div><\/div>\n<\/div><\/div>\n\n\n\n<div class=\"wp-block-uagb-container uagb-block-35937d88 alignfull uagb-is-root-container\"><div class=\"uagb-container-inner-blocks-wrap\">\n<div class=\"wp-block-uagb-info-box uagb-block-710ed4f3 uagb-infobox__content-wrap  uagb-infobox-icon-above-title uagb-infobox-image-valign-top\"><div class=\"uagb-ifb-content\"><div class=\"uagb-ifb-title-wrap\"><h2 class=\"uagb-ifb-title\">Rejoignez notre mission de durabilit\u00e9<\/h2><\/div><p class=\"uagb-ifb-desc\">Agissons ensemble pour un avenir plus propre et plus vert. Contactez-nous d\u00e8s aujourd&rsquo;hui pour en savoir plus!<\/p><div class=\"uagb-ifb-button-wrapper wp-block-button\"><a href=\"\/contact\/\" class=\"uagb-infobox-cta-link wp-block-button__link\" target=\"_self\" rel=\"noopener noreferrer\" onclick=\"return true;\"><span class=\"uagb-inline-editing\">Contactez-nous<\/span><\/a><\/div><\/div><\/div>\n<\/div><\/div>\n","protected":false},"excerpt":{"rendered":"<p>\u00c0 propos Notre engagement pour un avenir durable Chiffres cl\u00e9s Performance et r\u00e9sultats Taux de satisfaction client 98% Ann\u00e9es d&rsquo;exp\u00e9rience [&hellip;]<\/p>\n","protected":false},"author":1,"featured_media":0,"parent":0,"menu_order":0,"comment_status":"closed","ping_status":"closed","template":"","meta":{"_surecart_dashboard_logo_width":"180px","_surecart_dashboard_show_logo":true,"_surecart_dashboard_navigation_orders":true,"_surecart_dashboard_navigation_invoices":true,"_surecart_dashboard_navigation_subscriptions":true,"_surecart_dashboard_navigation_downloads":true,"_surecart_dashboard_navigation_billing":true,"_surecart_dashboard_navigation_account":true,"_uag_custom_page_level_css":"","site-sidebar-layout":"default","site-content-layout":"","ast-site-content-layout":"default","site-content-style":"default","site-sidebar-style":"default","ast-global-header-display":"","ast-banner-title-visibility":"","ast-main-header-display":"","ast-hfb-above-header-display":"","ast-hfb-below-header-display":"","ast-hfb-mobile-header-display":"","site-post-title":"disabled","ast-breadcrumbs-content":"","ast-featured-img":"","footer-sml-layout":"","ast-disable-related-posts":"","theme-transparent-header-meta":"enabled","adv-header-id-meta":"","stick-header-meta":"","header-above-stick-meta":"","header-main-stick-meta":"","header-below-stick-meta":"","astra-migrate-meta-layouts":"default","ast-page-background-enabled":"default","ast-page-background-meta":{"desktop":{"background-color":"var(--ast-global-color-4)","background-image":"","background-repeat":"repeat","background-position":"center center","background-size":"auto","background-attachment":"scroll","background-type":"","background-media":"","overlay-type":"","overlay-color":"","overlay-opacity":"","overlay-gradient":""},"tablet":{"background-color":"","background-image":"","background-repeat":"repeat","background-position":"center center","background-size":"auto","background-attachment":"scroll","background-type":"","background-media":"","overlay-type":"","overlay-color":"","overlay-opacity":"","overlay-gradient":""},"mobile":{"background-color":"","background-image":"","background-repeat":"repeat","background-position":"center center","background-size":"auto","background-attachment":"scroll","background-type":"","background-media":"","overlay-type":"","overlay-color":"","overlay-opacity":"","overlay-gradient":""}},"ast-content-background-meta":{"desktop":{"background-color":"var(--ast-global-color-5)","background-image":"","background-repeat":"repeat","background-position":"center center","background-size":"auto","background-attachment":"scroll","background-type":"","background-media":"","overlay-type":"","overlay-color":"","overlay-opacity":"","overlay-gradient":""},"tablet":{"background-color":"var(--ast-global-color-5)","background-image":"","background-repeat":"repeat","background-position":"center center","background-size":"auto","background-attachment":"scroll","background-type":"","background-media":"","overlay-type":"","overlay-color":"","overlay-opacity":"","overlay-gradient":""},"mobile":{"background-color":"var(--ast-global-color-5)","background-image":"","background-repeat":"repeat","background-position":"center center","background-size":"auto","background-attachment":"scroll","background-type":"","background-media":"","overlay-type":"","overlay-color":"","overlay-opacity":"","overlay-gradient":""}},"footnotes":""},"class_list":["post-75","page","type-page","status-publish","hentry"],"uagb_featured_image_src":{"full":false,"thumbnail":false,"medium":false,"medium_large":false,"large":false,"1536x1536":false,"2048x2048":false},"uagb_author_info":{"display_name":"admin","author_link":"https:\/\/rtpu-gn.com\/?author=1"},"uagb_comment_info":0,"uagb_excerpt":"\u00c0 propos Notre engagement pour un avenir durable Chiffres cl\u00e9s Performance et r\u00e9sultats Taux de satisfaction client 98% Ann\u00e9es d&rsquo;exp\u00e9rience [&hellip;]","_links":{"self":[{"href":"https:\/\/rtpu-gn.com\/index.php?rest_route=\/wp\/v2\/pages\/75","targetHints":{"allow":["GET"]}}],"collection":[{"href":"https:\/\/rtpu-gn.com\/index.php?rest_route=\/wp\/v2\/pages"}],"about":[{"href":"https:\/\/rtpu-gn.com\/index.php?rest_route=\/wp\/v2\/types\/page"}],"author":[{"embeddable":true,"href":"https:\/\/rtpu-gn.com\/index.php?rest_route=\/wp\/v2\/users\/1"}],"replies":[{"embeddable":true,"href":"https:\/\/rtpu-gn.com\/index.php?rest_route=%2Fwp%2Fv2%2Fcomments&post=75"}],"version-history":[{"count":3,"href":"https:\/\/rtpu-gn.com\/index.php?rest_route=\/wp\/v2\/pages\/75\/revisions"}],"predecessor-version":[{"id":296,"href":"https:\/\/rtpu-gn.com\/index.php?rest_route=\/wp\/v2\/pages\/75\/revisions\/296"}],"wp:attachment":[{"href":"https:\/\/rtpu-gn.com\/index.php?rest_route=%2Fwp%2Fv2%2Fmedia&parent=75"}],"curies":[{"name":"wp","href":"https:\/\/api.w.org\/{rel}","templated":true}]}}